{"id":3059,"date":"2025-07-30T05:39:45","date_gmt":"2025-07-30T05:39:45","guid":{"rendered":"https:\/\/brugg-west.ch\/?page_id=3059"},"modified":"2025-08-19T06:27:37","modified_gmt":"2025-08-19T06:27:37","slug":"schulhaus-jubilaeum-2025-sponsoring","status":"publish","type":"page","link":"https:\/\/brugg-west.ch\/?page_id=3059","title":{"rendered":"Schulhaus Jubil\u00e4um 2025 &#8211; Sponsoring"},"content":{"rendered":"\n<p>Organisator: Quartierverein Brugg-West (und Schule Brugg)<\/p>\n\n\n\n<p>Ansprechpartner<br>&#8211; Christoph Scheuner<br>&#8211; Email: praesident@brugg-west.ch<br>&#8211; Tel: 079 753 92 62<\/p>\n\n\n\n<h2 class=\"wp-block-heading\">Kurzbeschreibung<\/h2>\n\n\n\n<p>Zum 20-j\u00e4hrigen Jubil\u00e4um des Schulhauses Bodenacker gestalten die Primarschulkinder ein einzigartiges Zirkusprojekt \u2013 von der Manege bis zur Show, alles selbst gemacht \ud83c\udfaa\ud83c\udf89. Der Quartierverein Brugg-West veranstaltet dazu ein \u00f6ffentliches Fest mit Festwirtschaft, Spiel &#038; Live-\u00dcbertragung \u2013 eine tolle Chance f\u00fcr Sponsoren! \ud83c\udf1f<\/p>\n\n\n\n<p><strong>Werden Sie Teil dieses unvergesslichen Anlasses \u2013 als Sponsor mit Herz f\u00fcr das Quartier!<\/strong><\/p>\n\n\n\n<p>Abgrenzung: das Sponsoring umfasst den Teil des Festgel\u00e4ndes, inkl. und der Attraktionen auf dem schwarzen Tartanplatz (auf dem Situationsplan alles was oberhalb der Zirkuszeltwiese liegt). Der Zirkus selber wird von einer Stiftund, der Schule und der Stadt finanziert.<\/p>\n\n\n\n<p>Adresse: <a href=\"https:\/\/www.google.com\/maps\/place\/Wiesenstrasse+2,+5200+Brugg\/@47.4768573,8.1980706,216m\/data=!3m1!1e3!4m6!3m5!1s0x47906ab1bc1029ff:0xcd40da0dc786b6fe!8m2!3d47.4768597!4d8.1984862!16s%2Fg%2F11c5bgc54b?entry=ttu&#038;g_ep=EgoyMDI1MDgxMy4wIKXMDSoASAFQAw%3D%3D\">Wiesenstrasse 2, Brugg<\/a><\/p>\n\n\n<div class=\"wp-block-image\">\n<figure class=\"aligncenter size-large\"><a href=\"https:\/\/www.google.com\/maps\/place\/Wiesenstrasse+2,+5200+Brugg\/@47.4766817,8.197903,1030m\/data=!3m1!1e3!4m6!3m5!1s0x47906ab1bc1029ff:0xcd40da0dc786b6fe!8m2!3d47.4768597!4d8.1984862!16s%2Fg%2F11c5bgc54b?entry=ttu&#038;g_ep=EgoyMDI1MDgxMy4wIKXMDSoASAFQAw%3D%3D\"><img fetchpriority=\"high\" decoding=\"async\" width=\"1024\" height=\"487\" src=\"https:\/\/brugg-west.ch\/wp-content\/uploads\/2025\/08\/image-2-1024x487.png\" alt=\"\" class=\"wp-image-3097\" srcset=\"https:\/\/brugg-west.ch\/wp-content\/uploads\/2025\/08\/image-2-1024x487.png 1024w, https:\/\/brugg-west.ch\/wp-content\/uploads\/2025\/08\/image-2-300x143.png 300w, https:\/\/brugg-west.ch\/wp-content\/uploads\/2025\/08\/image-2-768x365.png 768w, https:\/\/brugg-west.ch\/wp-content\/uploads\/2025\/08\/image-2-1536x731.png 1536w, https:\/\/brugg-west.ch\/wp-content\/uploads\/2025\/08\/image-2.png 1982w\" sizes=\"(max-width: 1024px) 100vw, 1024px\" \/><\/a><\/figure>\n<\/div>\n\n\n<h2 class=\"wp-block-heading\">Publikum<\/h2>\n\n\n\n<p>Die Primarschule Bodenacker wird von ca. 150 Sch\u00fcler:innen und Kinderg\u00e4rtner:innen besucht, wir gehen demnach von rund 500 Besuchern aus, die sich &#8211; \u00fcber den Freitagnachmittag verteilt &#8211; auf dem Festgel\u00e4nde aufhalten werden. Da die Anzahl Tickets pro Familie auf 4 limitiert ist, werden wir einen LED-Screen mit einer Live-\u00dcbertragung im Festzelt aufstellen.<\/p>\n\n\n\n<p>Zumindest die Eltern der Kinder sind aus dem Quartier Brugg-West, weitere Angeh\u00f6rige, Wie Grosseltern, G\u00f6tti, Gotti und weitere Verwandte und Bekannte aus umliegenden Ortschaft oder von weiterweg.<\/p>\n\n\n\n<h2 class=\"wp-block-heading\"><strong>Kostenaufstellung<\/strong><\/h2>\n\n\n\n<figure class=\"wp-block-table\"><table class=\"has-fixed-layout\"><thead><tr><th><strong>Beschreibung<\/strong><\/th><th><strong>Betrag (CHF)<\/strong><\/th><\/tr><\/thead><tbody><tr><td>Zelt<\/td><td>1&#8217;250.-<\/td><\/tr><tr><td>LED-Screen (169 Zoll, ca. 4.3m Diagonale)<\/td><td>1&#8217;500.-<\/td><\/tr><tr><td>Aufsitz-Dampfbahn<\/td><td>1&#8217;750.-<\/td><\/tr><tr><td>Nachkatapult (inkl. Dubler Mohrenk\u00f6pfe)<\/td><td>ca. 200.-<\/td><\/tr><tr><td>H\u00fcpfburg<\/td><td>ca. 750.-<\/td><\/tr><tr><td>Essen, Trinken, Geschirr, Besteck, etc.<\/td><td>nach Bedarf<\/td><\/tr><tr><td>Diverses (Kleinmaterial, Versicherung, etc.)<\/td><td>ca. 500.-<\/td><\/tr><\/tbody><\/table><\/figure>\n\n\n\n<h2 class=\"wp-block-heading\">Werbe-Pakete<\/h2>\n\n\n\n<p><strong>Sponsoring 100<\/strong><\/p>\n\n\n\n<p>F\u00fcr ein Sponsoring von CHF 100.- d\u00fcrfen Sie ein Banner, eine Blache, ein Roll-Up oder \u00e4hnliches Material auf dem Gel\u00e4nde aufstellen. Zus\u00e4tzlich binden wir sie mit einem kleinen, aber sichtbaren Logo in die Werbung auf dem 169 Zoll LED-Screen ein und f\u00fchren Sie mit Namen auf unserer Online-Werbung (inkl. Facebook und Instagram) als G\u00f6nner auf.<\/p>\n\n\n\n<p><strong>Sponsoring 250<\/strong><\/p>\n\n\n\n<p>F\u00fcr ein Sponsoring von CHF 250.- d\u00fcrfen Sie ein Banner, eine Blache, ein Roll-Up oder \u00e4hnliches Material auf dem Gel\u00e4nde aufstellen. Bei diesem Paket binden wir sie mit einem grossen Logo in die Werbung auf dem 169 Zoll LED-Screen ein und f\u00fchren Sie auf unserer Online-Werbung (inkl. Facebook und Instagram) als Sponsor auf und verlinken jeweils Ihre Webseite (oder nach Wunsch etwas anderes). <br>Und wir drucken Ihr Logo auf den Flyer, den wir im Quartier Brugg-West an etwas mehr als 1&#8217;000 Haushalte verteilen werden.<\/p>\n\n\n\n<p><strong>Sponsoring spezial<\/strong><\/p>\n\n\n\n<p>Haben Sie eigene Ideen, wie Sie uns unterst\u00fctzen m\u00f6chten?<br>\ud83d\udcde Melden Sie sich gerne \u2013 wir freuen uns auf Ihren Anruf und stellen Ihnen ein individuelles Sponsoring-Paket zusammen!<\/p>\n\n\n\n<h2 class=\"wp-block-heading\">Verpflegung<\/h2>\n\n\n<div class=\"wp-block-image\">\n<figure class=\"aligncenter size-large\"><img decoding=\"async\" width=\"1024\" height=\"576\" src=\"https:\/\/brugg-west.ch\/wp-content\/uploads\/2025\/08\/Slide5-1024x576.jpg\" alt=\"\" class=\"wp-image-3078\" srcset=\"https:\/\/brugg-west.ch\/wp-content\/uploads\/2025\/08\/Slide5-1024x576.jpg 1024w, https:\/\/brugg-west.ch\/wp-content\/uploads\/2025\/08\/Slide5-300x169.jpg 300w, https:\/\/brugg-west.ch\/wp-content\/uploads\/2025\/08\/Slide5-768x432.jpg 768w, https:\/\/brugg-west.ch\/wp-content\/uploads\/2025\/08\/Slide5.jpg 1280w\" sizes=\"(max-width: 1024px) 100vw, 1024px\" \/><\/figure>\n<\/div>\n\n\n<h2 class=\"wp-block-heading\">Festgel\u00e4nde<\/h2>\n\n\n<div class=\"wp-block-image\">\n<figure class=\"aligncenter size-large\"><img decoding=\"async\" width=\"1024\" height=\"576\" src=\"https:\/\/brugg-west.ch\/wp-content\/uploads\/2025\/08\/Slide6-1024x576.jpg\" alt=\"\" class=\"wp-image-3079\" srcset=\"https:\/\/brugg-west.ch\/wp-content\/uploads\/2025\/08\/Slide6-1024x576.jpg 1024w, https:\/\/brugg-west.ch\/wp-content\/uploads\/2025\/08\/Slide6-300x169.jpg 300w, https:\/\/brugg-west.ch\/wp-content\/uploads\/2025\/08\/Slide6-768x432.jpg 768w, https:\/\/brugg-west.ch\/wp-content\/uploads\/2025\/08\/Slide6.jpg 1280w\" sizes=\"(max-width: 1024px) 100vw, 1024px\" \/><\/figure>\n<\/div>\n\n\n<h2 class=\"wp-block-heading\">Situationsplan<\/h2>\n\n\n<div class=\"wp-block-image\">\n<figure class=\"aligncenter size-large\"><img loading=\"lazy\" decoding=\"async\" width=\"724\" height=\"1024\" src=\"https:\/\/brugg-west.ch\/wp-content\/uploads\/2025\/08\/Situationsplan_01-724x1024.jpg\" alt=\"\" class=\"wp-image-3094\" srcset=\"https:\/\/brugg-west.ch\/wp-content\/uploads\/2025\/08\/Situationsplan_01-724x1024.jpg 724w, https:\/\/brugg-west.ch\/wp-content\/uploads\/2025\/08\/Situationsplan_01-212x300.jpg 212w, https:\/\/brugg-west.ch\/wp-content\/uploads\/2025\/08\/Situationsplan_01-768x1086.jpg 768w, https:\/\/brugg-west.ch\/wp-content\/uploads\/2025\/08\/Situationsplan_01.jpg 907w\" sizes=\"(max-width: 724px) 100vw, 724px\" \/><\/figure>\n<\/div>","protected":false},"excerpt":{"rendered":"<p>Organisator: Quartierverein Brugg-West (und Schule Brugg) Ansprechpartner&#8211; Christoph Scheuner&#8211; Email: praesident@brugg-west.ch&#8211; Tel: 079 753 92 62 Kurzbeschreibung Zum 20-j\u00e4hrigen Jubil\u00e4um des Schulhauses Bodenacker gestalten die<\/p>\n","protected":false},"author":1,"featured_media":0,"parent":0,"menu_order":0,"comment_status":"closed","ping_status":"closed","template":"","meta":{"ngg_post_thumbnail":0,"footnotes":""},"class_list":["post-3059","page","type-page","status-publish","hentry"],"_links":{"self":[{"href":"https:\/\/brugg-west.ch\/index.php?rest_route=\/wp\/v2\/pages\/3059","targetHints":{"allow":["GET"]}}],"collection":[{"href":"https:\/\/brugg-west.ch\/index.php?rest_route=\/wp\/v2\/pages"}],"about":[{"href":"https:\/\/brugg-west.ch\/index.php?rest_route=\/wp\/v2\/types\/page"}],"author":[{"embeddable":true,"href":"https:\/\/brugg-west.ch\/index.php?rest_route=\/wp\/v2\/users\/1"}],"replies":[{"embeddable":true,"href":"https:\/\/brugg-west.ch\/index.php?rest_route=%2Fwp%2Fv2%2Fcomments&post=3059"}],"version-history":[{"count":15,"href":"https:\/\/brugg-west.ch\/index.php?rest_route=\/wp\/v2\/pages\/3059\/revisions"}],"predecessor-version":[{"id":3098,"href":"https:\/\/brugg-west.ch\/index.php?rest_route=\/wp\/v2\/pages\/3059\/revisions\/3098"}],"wp:attachment":[{"href":"https:\/\/brugg-west.ch\/index.php?rest_route=%2Fwp%2Fv2%2Fmedia&parent=3059"}],"curies":[{"name":"wp","href":"https:\/\/api.w.org\/{rel}","templated":true}]}}